{"id":15,"date":"2022-09-16T06:50:32","date_gmt":"2022-09-16T06:50:32","guid":{"rendered":"http:\/\/www.baserock.fi\/?page_id=15"},"modified":"2024-08-26T13:13:36","modified_gmt":"2024-08-26T13:13:36","slug":"etusivuosio","status":"publish","type":"page","link":"http:\/\/www.baserock.fi\/index.php\/etusivuosio\/","title":{"rendered":"Etusivuosio"},"content":{"rendered":"\n<p>T\u00e4m\u00e4 on esimerkki etusivuosiosta. Mik\u00e4 tahansa sivu voidaan n\u00e4ytt\u00e4\u00e4 etusivuosiossa, lukuunottamatta etusivua itse\u00e4\u00e4n.<\/p>\n","protected":false},"excerpt":{"rendered":"<p>T\u00e4m\u00e4 on esimerkki etusivuosiosta. Mik\u00e4 tahansa sivu voidaan n\u00e4ytt\u00e4\u00e4 etusivuosiossa, lukuunottamatta etusivua itse\u00e4\u00e4n.<\/p>\n","protected":false},"author":1,"featured_media":186,"parent":0,"menu_order":0,"comment_status":"closed","ping_status":"closed","template":"","meta":{"footnotes":""},"class_list":["post-15","page","type-page","status-publish","has-post-thumbnail","hentry"],"_links":{"self":[{"href":"http:\/\/www.baserock.fi\/index.php\/wp-json\/wp\/v2\/pages\/15"}],"collection":[{"href":"http:\/\/www.baserock.fi\/index.php\/wp-json\/wp\/v2\/pages"}],"about":[{"href":"http:\/\/www.baserock.fi\/index.php\/wp-json\/wp\/v2\/types\/page"}],"author":[{"embeddable":true,"href":"http:\/\/www.baserock.fi\/index.php\/wp-json\/wp\/v2\/users\/1"}],"replies":[{"embeddable":true,"href":"http:\/\/www.baserock.fi\/index.php\/wp-json\/wp\/v2\/comments?post=15"}],"version-history":[{"count":1,"href":"http:\/\/www.baserock.fi\/index.php\/wp-json\/wp\/v2\/pages\/15\/revisions"}],"predecessor-version":[{"id":20,"href":"http:\/\/www.baserock.fi\/index.php\/wp-json\/wp\/v2\/pages\/15\/revisions\/20"}],"wp:featuredmedia":[{"embeddable":true,"href":"http:\/\/www.baserock.fi\/index.php\/wp-json\/wp\/v2\/media\/186"}],"wp:attachment":[{"href":"http:\/\/www.baserock.fi\/index.php\/wp-json\/wp\/v2\/media?parent=15"}],"curies":[{"name":"wp","href":"https:\/\/api.w.org\/{rel}","templated":true}]}}